{"id":81,"date":"2024-01-18T13:32:55","date_gmt":"2024-01-18T12:32:55","guid":{"rendered":"https:\/\/test.kaerntencard.at\/winter\/impressum\/"},"modified":"2024-03-28T10:48:49","modified_gmt":"2024-03-28T09:48:49","slug":"impressum","status":"publish","type":"page","link":"https:\/\/www.kaerntencard.at\/winter\/impressum\/","title":{"rendered":"Impressum"},"content":{"rendered":"\n<p><strong>Interessensgemeinschaft K\u00e4rnten Card Betriebe<\/strong><\/p>\n\n\n\n<p>Trattengasse 32<br>9500 Villach<\/p>\n\n\n\n<p><strong>Tel.:<\/strong>&nbsp;+43 0 42 42 90 525<br><a href=\"mailto:office@kaerntencard.at\">office(at)kaerntencard.at<\/a><br><a href=\"https:\/\/www.kaerntencard.at\/\">www.kaerntencard.at<\/a><\/p>\n\n\n\n<p><strong>ZVR-Zahl:<\/strong>&nbsp;229542156<br><strong>UID<\/strong>&nbsp;ATU 51653009<br><strong>DVR<\/strong>&nbsp;4002040<\/p>\n\n\n\n<p><strong>Vereinsbeh\u00f6rde<\/strong>:<br>Polizeikommissariat Villach<\/p>\n\n\n\n<p>Umsetzung &amp; Design: <a href=\"http:\/\/Exlusion of liability: Despite careful control of content, we \u2013 Interessensgemeinschaft K\u00e4rnten Card Betriebe \u2013 accept no liability for the content of external links. Solely the operators of the linked sites are responsible for their content.\">Styria Media Design<\/a><br>Bildmaterial:&nbsp;<a href=\"http:\/\/www.kaernten.at\/\" target=\"_blank\" rel=\"noreferrer noopener\">K\u00e4rnten Werbung<\/a>, Ausflugsziele<\/p>\n\n\n\n<p><strong>Haftungsausschluss<\/strong>:<br>Trotz sorgf\u00e4ltiger inhaltlicher Kontrolle \u00fcbernimmt die Interessensgemeinschaft K\u00e4rnten Card Betriebe keine Haftung f\u00fcr Inhalte externer Links. F\u00fcr den Inhalt verlinkter Seiten sind ausschlie\u00dflich deren Betreiber verantwortlich.<\/p>\n","protected":false},"excerpt":{"rendered":"<p>Interessensgemeinschaft K\u00e4rnten Card Betriebe Trattengasse 329500 Villach Tel.:&nbsp;+43 0 42 42 90 525office(at)kaerntencard.atwww.kaerntencard.at ZVR-Zahl:&nbsp;229542156UID&nbsp;ATU 51653009DVR&nbsp;4002040 Vereinsbeh\u00f6rde:Polizeikommissariat Villach Umsetzung &amp; Design: Styria Media DesignBildmaterial:&nbsp;K\u00e4rnten Werbung, Ausflugsziele Haftungsausschluss:Trotz sorgf\u00e4ltiger inhaltlicher Kontrolle \u00fcbernimmt die Interessensgemeinschaft K\u00e4rnten Card Betriebe keine Haftung f\u00fcr Inhalte externer Links. F\u00fcr den Inhalt verlinkter Seiten sind ausschlie\u00dflich deren Betreiber verantwortlich.<\/p>\n","protected":false},"author":1,"featured_media":0,"parent":0,"menu_order":0,"comment_status":"closed","ping_status":"closed","template":"standard-template.php","meta":{"_acf_changed":false,"slim_seo":{"title":"Impressum - K\u00e4rntencard Winter","description":"Interessensgemeinschaft K\u00e4rnten Card Betriebe Trattengasse 32 9500 Villach Tel.: &nbsp;+43 0 42 42 90 525 office(at)kaerntencard.at www.kaerntencard.at ZVR-Zahl"},"footnotes":""},"class_list":["post-81","page","type-page","status-publish","hentry"],"acf":[],"distributor_meta":false,"distributor_terms":false,"distributor_media":false,"distributor_original_site_name":"K\u00e4rntencard Winter","distributor_original_site_url":"https:\/\/www.kaerntencard.at\/winter","push-errors":false,"_links":{"self":[{"href":"https:\/\/www.kaerntencard.at\/winter\/wp-json\/wp\/v2\/pages\/81","targetHints":{"allow":["GET"]}}],"collection":[{"href":"https:\/\/www.kaerntencard.at\/winter\/wp-json\/wp\/v2\/pages"}],"about":[{"href":"https:\/\/www.kaerntencard.at\/winter\/wp-json\/wp\/v2\/types\/page"}],"author":[{"embeddable":true,"href":"https:\/\/www.kaerntencard.at\/winter\/wp-json\/wp\/v2\/users\/1"}],"replies":[{"embeddable":true,"href":"https:\/\/www.kaerntencard.at\/winter\/wp-json\/wp\/v2\/comments?post=81"}],"version-history":[{"count":3,"href":"https:\/\/www.kaerntencard.at\/winter\/wp-json\/wp\/v2\/pages\/81\/revisions"}],"predecessor-version":[{"id":708,"href":"https:\/\/www.kaerntencard.at\/winter\/wp-json\/wp\/v2\/pages\/81\/revisions\/708"}],"wp:attachment":[{"href":"https:\/\/www.kaerntencard.at\/winter\/wp-json\/wp\/v2\/media?parent=81"}],"curies":[{"name":"wp","href":"https:\/\/api.w.org\/{rel}","templated":true}]}}