{"id":76,"date":"2024-01-18T13:32:54","date_gmt":"2024-01-18T12:32:54","guid":{"rendered":"https:\/\/test.kaerntencard.at\/winter\/wochenkarten\/"},"modified":"2025-10-01T13:26:10","modified_gmt":"2025-10-01T11:26:10","slug":"wochenkarten","status":"publish","type":"page","link":"https:\/\/www.kaerntencard.at\/winter\/wochenkarten\/","title":{"rendered":"Preis\u00fcbersicht Wochenkarten"},"content":{"rendered":"\n<p>Die K\u00e4rnten Card ist von 3. November 2025 bis 3. April 2026 g\u00fcltig. Mit der Winter K\u00e4rnten Card Wochenkarte h\u00e4lt man den Schl\u00fcssel f\u00fcr Erlebnis, Spa\u00df und jede Menge Vorteile in der Hand. Sie \u00f6ffnet die T\u00fcren \u00fcber 30 Ausflugszielen und zus\u00e4tzlich gibt es Erm\u00e4\u00dfigungen bei zahlreichen Bonuspartnern.<\/p>\n\n\n\n<p>Sie haben die Wahl zwischen der 3-Tage-Karte (Adventkarte), der 7-Tage-Karte oder der 14-Tage-Karte. Die G\u00fcltigkeit der Wochenkarte beginnt mit der ersten Nutzung bei einem Ausflugsziel (unabh\u00e4ngig von der Uhrzeit).<\/p>\n\n\n\n<p>Print@Home \u2013&nbsp;<a href=\"https:\/\/card-webshop.feratel.com\/kcs01\/winter002\/index.jsp?language=de#category:card\">Hier<\/a>&nbsp;k\u00f6nnen Sie Ihre Karte schon bequem zu Hause ausdrucken. So steht einem angenehmen Urlaubsbeginn nichts mehr im Weg!<\/p>\n\n\n\n<p>Der Kinderjahrgang\u00a0 ist von 2011 bis 2019. J\u00fcngere Kinder in Begleitung der Eltern oder Gro\u00dfeltern mit g\u00fcltiger K\u00e4rnten Card bekommen eine kostenlose Kinderkartonkarte und besuchen die Ausflugsziele gratis. Die kostenlose Kinderkartonkarte bekomme Sie bei allen Verkaufsstellen und online unter folgendem Link:\u00a0<a href=\"https:\/\/www.kaerntencard.at\/sommer\/wp-content\/uploads\/sites\/4\/2023\/10\/KaeCa-Online-KartonCard-2025.pdf\">Kinderkartonkarte \u2013 Online Version<\/a><\/p>\n\n\n\n<p>F\u00fcr Kinder unter 6 Jahren und ab dem 3. Kind (alle Kinder m\u00fcssen im Kinderjahrgang sein) gratis! Achtung: Die 3. Kind-Regelung gilt nur bei unseren Verkaufsstellen!<\/p>\n\n\n\n<p>S\u00e4mtliche Preise verstehen sich einschlie\u00dflich Umsatzsteuer sowie sonstiger Abgaben und Zuschl\u00e4ge (Bruttopreise). Versandkosten fallen bei Ausstellung einer K\u00e4rnten Card nicht an.<\/p>\n","protected":false},"excerpt":{"rendered":"<p>Die K\u00e4rnten Card ist von 3. November 2025 bis 3. April 2026 g\u00fcltig. Mit der Winter K\u00e4rnten Card Wochenkarte h\u00e4lt man den Schl\u00fcssel f\u00fcr Erlebnis, Spa\u00df und jede Menge Vorteile in der Hand. Sie \u00f6ffnet die T\u00fcren \u00fcber 30 Ausflugszielen und zus\u00e4tzlich gibt es Erm\u00e4\u00dfigungen bei zahlreichen Bonuspartnern. Sie haben die Wahl zwischen der 3-Tage-Karte [&hellip;]<\/p>\n","protected":false},"author":1,"featured_media":0,"parent":0,"menu_order":0,"comment_status":"closed","ping_status":"closed","template":"wochenkarten.php","meta":{"_acf_changed":false,"slim_seo":{"description":"Erlebe den Winter mit der K\u00e4rnten Card.","title":"Preis\u00fcbersicht Wochenkarten - K\u00e4rntencard Winter"},"footnotes":""},"class_list":["post-76","page","type-page","status-publish","hentry"],"acf":[],"distributor_meta":false,"distributor_terms":false,"distributor_media":false,"distributor_original_site_name":"K\u00e4rntencard Winter","distributor_original_site_url":"https:\/\/www.kaerntencard.at\/winter","push-errors":false,"_links":{"self":[{"href":"https:\/\/www.kaerntencard.at\/winter\/wp-json\/wp\/v2\/pages\/76","targetHints":{"allow":["GET"]}}],"collection":[{"href":"https:\/\/www.kaerntencard.at\/winter\/wp-json\/wp\/v2\/pages"}],"about":[{"href":"https:\/\/www.kaerntencard.at\/winter\/wp-json\/wp\/v2\/types\/page"}],"author":[{"embeddable":true,"href":"https:\/\/www.kaerntencard.at\/winter\/wp-json\/wp\/v2\/users\/1"}],"replies":[{"embeddable":true,"href":"https:\/\/www.kaerntencard.at\/winter\/wp-json\/wp\/v2\/comments?post=76"}],"version-history":[{"count":12,"href":"https:\/\/www.kaerntencard.at\/winter\/wp-json\/wp\/v2\/pages\/76\/revisions"}],"predecessor-version":[{"id":1911,"href":"https:\/\/www.kaerntencard.at\/winter\/wp-json\/wp\/v2\/pages\/76\/revisions\/1911"}],"wp:attachment":[{"href":"https:\/\/www.kaerntencard.at\/winter\/wp-json\/wp\/v2\/media?parent=76"}],"curies":[{"name":"wp","href":"https:\/\/api.w.org\/{rel}","templated":true}]}}