{"id":72,"date":"2024-01-18T13:32:54","date_gmt":"2024-01-18T12:32:54","guid":{"rendered":"https:\/\/test.kaerntencard.at\/winter\/presse-medien\/"},"modified":"2025-10-24T07:36:13","modified_gmt":"2025-10-24T05:36:13","slug":"presse-medien","status":"publish","type":"page","link":"https:\/\/www.kaerntencard.at\/winter\/presse-medien\/","title":{"rendered":"Presse \u2013 Medien"},"content":{"rendered":"\n<p>Im Folgenden finden Sie unseren aktuellen Pressetext, sowie diverse Sujets und Bilder. Gerne k\u00f6nnen Sie dies f\u00fcr die Bewerbung der K\u00e4rnten Card verwenden. Wir bitten Sie bei den Bildern den Quellennachweis zu beachten. Sollten Sie noch weitere Informationen ben\u00f6tigen, bitten wir Sie, sich mit uns in Verbindung zu setzen!<\/p>\n","protected":false},"excerpt":{"rendered":"<p>Im Folgenden finden Sie unseren aktuellen Pressetext, sowie diverse Sujets und Bilder. Gerne k\u00f6nnen Sie dies f\u00fcr die Bewerbung der K\u00e4rnten Card verwenden. Wir bitten Sie bei den Bildern den Quellennachweis zu beachten. Sollten Sie noch weitere Informationen ben\u00f6tigen, bitten wir Sie, sich mit uns in Verbindung zu setzen!<\/p>\n","protected":false},"author":1,"featured_media":0,"parent":0,"menu_order":0,"comment_status":"closed","ping_status":"closed","template":"presse.php","meta":{"_acf_changed":false,"slim_seo":{"title":"Presse \u2013 Medien - K\u00e4rntencard Winter","description":"Im Folgenden finden Sie unseren aktuellen Pressetext, sowie diverse Sujets und Bilder. Gerne k\u00f6nnen Sie dies f\u00fcr die Bewerbung der K\u00e4rnten Card verwenden. Wir b"},"footnotes":""},"class_list":["post-72","page","type-page","status-publish","hentry"],"acf":[],"distributor_meta":false,"distributor_terms":false,"distributor_media":false,"distributor_original_site_name":"K\u00e4rntencard Winter","distributor_original_site_url":"https:\/\/www.kaerntencard.at\/winter","push-errors":false,"_links":{"self":[{"href":"https:\/\/www.kaerntencard.at\/winter\/wp-json\/wp\/v2\/pages\/72","targetHints":{"allow":["GET"]}}],"collection":[{"href":"https:\/\/www.kaerntencard.at\/winter\/wp-json\/wp\/v2\/pages"}],"about":[{"href":"https:\/\/www.kaerntencard.at\/winter\/wp-json\/wp\/v2\/types\/page"}],"author":[{"embeddable":true,"href":"https:\/\/www.kaerntencard.at\/winter\/wp-json\/wp\/v2\/users\/1"}],"replies":[{"embeddable":true,"href":"https:\/\/www.kaerntencard.at\/winter\/wp-json\/wp\/v2\/comments?post=72"}],"version-history":[{"count":21,"href":"https:\/\/www.kaerntencard.at\/winter\/wp-json\/wp\/v2\/pages\/72\/revisions"}],"predecessor-version":[{"id":2176,"href":"https:\/\/www.kaerntencard.at\/winter\/wp-json\/wp\/v2\/pages\/72\/revisions\/2176"}],"wp:attachment":[{"href":"https:\/\/www.kaerntencard.at\/winter\/wp-json\/wp\/v2\/media?parent=72"}],"curies":[{"name":"wp","href":"https:\/\/api.w.org\/{rel}","templated":true}]}}