{"id":68,"date":"2024-01-18T13:32:54","date_gmt":"2024-01-18T12:32:54","guid":{"rendered":"https:\/\/test.kaerntencard.at\/winter\/regionen\/"},"modified":"2024-03-06T12:53:54","modified_gmt":"2024-03-06T11:53:54","slug":"regionen","status":"publish","type":"page","link":"https:\/\/www.kaerntencard.at\/winter\/regionen\/","title":{"rendered":"K\u00e4rnten und seine Regionen"},"content":{"rendered":"\n<h2 class=\"wp-block-heading\">K\u00c4RNTEN &#8211; WINTERURLAUB F\u00dcR DIE GANZE FAMILIE<\/h2>\n\n\n\n<p>Die&nbsp;<strong>K\u00e4rntner Gl\u00fccksformel<\/strong>&nbsp;f\u00fcr Familien ist kinderleicht: Denn \u00d6sterreichs s\u00fcdlichstes Bundesland&nbsp;<strong>l\u00e4sst Wintertr\u00e4ume wahr werden<\/strong>.<\/p>\n\n\n\n<p>Kinderleicht lernen angehende Skistars hier die ersten Schw\u00fcnge auf breiten, bestens pr\u00e4parierten Pisten. Abseits davon warten ausgelassene Rodelpartien, spannende&nbsp;<a href=\"https:\/\/www.kaerntencard.at\/winter\/ausflugsziele\/\">Ausflugsziele<\/a>&nbsp;und Winterwellness zum Entspannen.<\/p>\n\n\n\n<p>Wenn dichte Schneeflocken von den Berggipfeln bis ganz hinunter in die T\u00e4ler tanzen und K\u00e4rnten in ein wei\u00dfes Kleid h\u00fcllen, dann l\u00e4dt der S\u00fcden zu unvergesslichen Wintermomenten f\u00fcr Gro\u00df und Klein.<\/p>\n\n\n\n<p>Mit der Winter K\u00e4rnten Card wird der n\u00e4chste Winterurlaub garantiert zum Erlebnis.  Therme St. Kathrein, zahlreiche\u00a0<a href=\"https:\/\/www.kaerntencard.at\/winter\/kategorie\/bergbahnen\/\">Bergbahnen<\/a>, Eishallen und viele andere Freizeitangebote inklusive.<\/p>\n\n\n\n<p>Generelle Informationen zum n\u00e4chsten Winterurlaub in K\u00e4rnten:<\/p>\n\n\n\n<p>K\u00e4rnten Werbung<br><a href=\"mailto:info@kaernten.at\">info@kaernten.at<\/a>;&nbsp;<a href=\"http:\/\/www.kaernten.at\/\">www.kaernten.at<\/a><\/p>\n","protected":false},"excerpt":{"rendered":"<p>K\u00c4RNTEN &#8211; WINTERURLAUB F\u00dcR DIE GANZE FAMILIE Die&nbsp;K\u00e4rntner Gl\u00fccksformel&nbsp;f\u00fcr Familien ist kinderleicht: Denn \u00d6sterreichs s\u00fcdlichstes Bundesland&nbsp;l\u00e4sst Wintertr\u00e4ume wahr werden. Kinderleicht lernen angehende Skistars hier die ersten Schw\u00fcnge auf breiten, bestens pr\u00e4parierten Pisten. Abseits davon warten ausgelassene Rodelpartien, spannende&nbsp;Ausflugsziele&nbsp;und Winterwellness zum Entspannen. Wenn dichte Schneeflocken von den Berggipfeln bis ganz hinunter in die T\u00e4ler tanzen und [&hellip;]<\/p>\n","protected":false},"author":1,"featured_media":0,"parent":0,"menu_order":0,"comment_status":"closed","ping_status":"closed","template":"archiv-kc-region.php","meta":{"_acf_changed":false,"slim_seo":{"title":"K\u00e4rnten und seine Regionen - K\u00e4rntencard Winter","description":"K\u00c4RNTEN - WINTERURLAUB F\u00dcR DIE GANZE FAMILIE Die&nbsp; K\u00e4rntner Gl\u00fccksformel &nbsp;f\u00fcr Familien ist kinderleicht: Denn \u00d6sterreichs s\u00fcdlichstes Bundesland&nbsp;"},"footnotes":""},"class_list":["post-68","page","type-page","status-publish","hentry"],"acf":[],"distributor_meta":false,"distributor_terms":false,"distributor_media":false,"distributor_original_site_name":"K\u00e4rntencard Winter","distributor_original_site_url":"https:\/\/www.kaerntencard.at\/winter","push-errors":false,"_links":{"self":[{"href":"https:\/\/www.kaerntencard.at\/winter\/wp-json\/wp\/v2\/pages\/68","targetHints":{"allow":["GET"]}}],"collection":[{"href":"https:\/\/www.kaerntencard.at\/winter\/wp-json\/wp\/v2\/pages"}],"about":[{"href":"https:\/\/www.kaerntencard.at\/winter\/wp-json\/wp\/v2\/types\/page"}],"author":[{"embeddable":true,"href":"https:\/\/www.kaerntencard.at\/winter\/wp-json\/wp\/v2\/users\/1"}],"replies":[{"embeddable":true,"href":"https:\/\/www.kaerntencard.at\/winter\/wp-json\/wp\/v2\/comments?post=68"}],"version-history":[{"count":3,"href":"https:\/\/www.kaerntencard.at\/winter\/wp-json\/wp\/v2\/pages\/68\/revisions"}],"predecessor-version":[{"id":1253,"href":"https:\/\/www.kaerntencard.at\/winter\/wp-json\/wp\/v2\/pages\/68\/revisions\/1253"}],"wp:attachment":[{"href":"https:\/\/www.kaerntencard.at\/winter\/wp-json\/wp\/v2\/media?parent=68"}],"curies":[{"name":"wp","href":"https:\/\/api.w.org\/{rel}","templated":true}]}}