{"id":67,"date":"2024-01-18T13:32:53","date_gmt":"2024-01-18T12:32:53","guid":{"rendered":"https:\/\/test.kaerntencard.at\/winter\/genussland-kaernten\/"},"modified":"2024-01-18T13:32:53","modified_gmt":"2024-01-18T12:32:53","slug":"genussland-kaernten","status":"publish","type":"page","link":"https:\/\/www.kaerntencard.at\/winter\/genussland-kaernten\/","title":{"rendered":"Genussland K\u00e4rnten"},"content":{"rendered":"\n<p><strong>K\u00e4rnten is(s)t besser<\/strong>&nbsp;\u2013 und das dies auch so bleibt, gibt es seit heuer eine Kooperation zwischen dem&nbsp;<a href=\"https:\/\/www.genusslandkaernten.at\/\">Genussland K\u00e4rnten<\/a>&nbsp;und der K\u00e4rnten Card!<\/p>\n\n\n\n<p>Das Genussland K\u00e4rnten ist der verl\u00e4ssliche kulinarische Wegweiser f\u00fcr in K\u00e4rnten gewachsene und veredelte Produkte \u2013 mehr K\u00e4rnten geht nicht! Die Bauern und Lebensmittelverarbeiter im Genussland K\u00e4rnten bilden die Grundlage f\u00fcr ehrlichen Genuss. Jeder Schritt im Werdegang eines Lebensmittels \u2013 vom Anbau und der Geburt bis zum fertigen Produkt, vom Einkauf der Zutaten bis zur Speise am Teller beim K\u00e4rntner Genuss Wirt \u2013 unterliegt&nbsp;<strong>einfachen, klaren Kriterien<\/strong>.<\/p>\n\n\n\n<p>Die feine Brettljause mit herzhaften Speck auf der&nbsp;<a href=\"https:\/\/www.genusslandkaernten.at\/genussland-entdecken\/wirte\/78\/Almgasthaus-Hiasl-Zirbenhuette\">Hiaslalm<\/a>, das mediterrane Ratatouille mit knackigen Gem\u00fcse und Bio-Polenta vom Bauer ums Eck beim Seegasthof&nbsp;<a href=\"https:\/\/www.genusslandkaernten.at\/genussland-entdecken\/wirte\/3167\/Seegasthof-Katschnig\">Katschnig<\/a>, der w\u00fcrzige K\u00e4se den Gailtaler Almen oder die k\u00f6stlichen K\u00e4rntner Nudel bei den Genussland K\u00e4rnten Handelspartnern \u2013 im Genussland K\u00e4rnten findest du ehrliche Lebensmittel aus der Region!<\/p>\n\n\n\n<p>600 Bauern &amp; Manufakturen, K\u00e4rntner&nbsp;<a href=\"https:\/\/www.genusslandkaernten.at\/genussland-entdecken?type=wirt\">Genuss Wirte<\/a>&nbsp;und Genussland K\u00e4rnten Handelspartner produzieren und veredeln t\u00e4glich unter der Marke Genussland K\u00e4rnten feinstes&nbsp;<strong>K\u00e4rntner Genusshandwerk<\/strong>. Durch regelm\u00e4\u00dfige&nbsp;<strong>Qualit\u00e4ts- und Herkunftskontrollen<\/strong>&nbsp;kannst du dir sicher sein, dass du nur&nbsp;<strong>allerfeinsten Genuss aus der Heimat<\/strong>&nbsp;bekommst. Denn Genuss \u2013 so wei\u00df man im Genussland K\u00e4rnten \u2013 ist keine Frage der Gr\u00f6\u00dfe oder des Angebots, sondern einzig und allein eine Frage der Hingabe und Leidenschaft.<\/p>\n\n\n\n<p>Und das beste ist, ab sofort bekommst du mit der K\u00e4rnten Card bei folgenden Genussland K\u00e4rnten Wirten schmackvolle Erm\u00e4\u00dfigungen\u2026.<\/p>\n\n\n\n<p><strong>K\u00e4rnten is(s)t einfach besser!<\/strong><\/p>\n\n\n\n<p>Wir w\u00fcnschen schon jetzt guten Appetit!<\/p>\n","protected":false},"excerpt":{"rendered":"<p>K\u00e4rnten is(s)t besser&nbsp;\u2013 und das dies auch so bleibt, gibt es seit heuer eine Kooperation zwischen dem&nbsp;Genussland K\u00e4rnten&nbsp;und der K\u00e4rnten Card! Das Genussland K\u00e4rnten ist der verl\u00e4ssliche kulinarische Wegweiser f\u00fcr in K\u00e4rnten gewachsene und veredelte Produkte \u2013 mehr K\u00e4rnten geht nicht! Die Bauern und Lebensmittelverarbeiter im Genussland K\u00e4rnten bilden die Grundlage f\u00fcr ehrlichen Genuss. Jeder [&hellip;]<\/p>\n","protected":false},"author":1,"featured_media":0,"parent":0,"menu_order":0,"comment_status":"closed","ping_status":"closed","template":"genussland-kaernten.php","meta":{"_acf_changed":false,"slim_seo":{"title":"Genussland K\u00e4rnten - K\u00e4rntencard Winter","description":"K\u00e4rnten is(s)t besser &nbsp;\u2013 und das dies auch so bleibt, gibt es seit heuer eine Kooperation zwischen dem&nbsp; Genussland K\u00e4rnten &nbsp;und der K\u00e4rnten Card!"},"footnotes":""},"class_list":["post-67","page","type-page","status-publish","hentry"],"acf":[],"distributor_meta":false,"distributor_terms":false,"distributor_media":false,"distributor_original_site_name":"K\u00e4rntencard Winter","distributor_original_site_url":"https:\/\/www.kaerntencard.at\/winter","push-errors":false,"_links":{"self":[{"href":"https:\/\/www.kaerntencard.at\/winter\/wp-json\/wp\/v2\/pages\/67","targetHints":{"allow":["GET"]}}],"collection":[{"href":"https:\/\/www.kaerntencard.at\/winter\/wp-json\/wp\/v2\/pages"}],"about":[{"href":"https:\/\/www.kaerntencard.at\/winter\/wp-json\/wp\/v2\/types\/page"}],"author":[{"embeddable":true,"href":"https:\/\/www.kaerntencard.at\/winter\/wp-json\/wp\/v2\/users\/1"}],"replies":[{"embeddable":true,"href":"https:\/\/www.kaerntencard.at\/winter\/wp-json\/wp\/v2\/comments?post=67"}],"version-history":[{"count":0,"href":"https:\/\/www.kaerntencard.at\/winter\/wp-json\/wp\/v2\/pages\/67\/revisions"}],"wp:attachment":[{"href":"https:\/\/www.kaerntencard.at\/winter\/wp-json\/wp\/v2\/media?parent=67"}],"curies":[{"name":"wp","href":"https:\/\/api.w.org\/{rel}","templated":true}]}}