{"id":57,"date":"2024-01-18T13:32:53","date_gmt":"2024-01-18T12:32:53","guid":{"rendered":"https:\/\/test.kaerntencard.at\/winter\/jetzt-kaernten-card-sichern\/"},"modified":"2025-10-01T13:24:23","modified_gmt":"2025-10-01T11:24:23","slug":"jetzt-kaernten-card-sichern","status":"publish","type":"page","link":"https:\/\/www.kaerntencard.at\/winter\/jetzt-kaernten-card-sichern\/","title":{"rendered":"Jetzt K\u00e4rnten Card kaufen"},"content":{"rendered":"\n<p><strong>Herzlich Willkommen im K\u00e4rnten Card Onlineshop!<\/strong><\/p>\n\n\n\n<p>Mit nur wenigen Klicks k\u00f6nnen Sie Ihre K\u00e4rnten Card online erwerben und sich auf unvergessliche Erlebnisse vorbereiten. Die K\u00e4rnten Card ist der Schl\u00fcssel zu \u00fcber 40 Ausflugsziele die Sie gratis besuchen k\u00f6nnen.  <\/p>\n\n\n\n<p>Die frische Winterluft bei einer Skitour auf die<a href=\"https:\/\/test.kaerntencard.at\/winter\/wp-content\/uploads\/sites\/2\/2024\/01\/28_Pistentouren-Kloesterle-Gerlitzen.jpg\" data-type=\"attachment\" data-id=\"772\"> Gerlitzen<\/a> genie\u00dfen \u2013 mit den Bergbahnen die sch\u00f6nsten<br>Winterwanderwege erkunden \u2013 entspannte Stunden in der Therme verbringen &#8211; in spannenden Museen sein Wissen erweitern \u2013 mit den Kindern dem Eislaufsport in einer Eishallen fr\u00f6nen \u2013 vergn\u00fcgte Stunden in einer Trampolinhalle verbringen oder einfach bei einem Blick vom Pyramidenkogel die Seele baumeln lassen &#8211; die K\u00e4rnten Card bietet Erlebnisangebote und Wohlf\u00fchlmomente f\u00fcr jeden.<\/p>\n\n\n\n<p>Jetzt K\u00e4rnten Card kaufen und die Sch\u00f6nheit K\u00e4rntens erkunden!<\/p>\n","protected":false},"excerpt":{"rendered":"<p>Herzlich Willkommen im K\u00e4rnten Card Onlineshop! Mit nur wenigen Klicks k\u00f6nnen Sie Ihre K\u00e4rnten Card online erwerben und sich auf unvergessliche Erlebnisse vorbereiten. Die K\u00e4rnten Card ist der Schl\u00fcssel zu \u00fcber 40 Ausflugsziele die Sie gratis besuchen k\u00f6nnen. Die frische Winterluft bei einer Skitour auf die Gerlitzen genie\u00dfen \u2013 mit den Bergbahnen die sch\u00f6nstenWinterwanderwege erkunden [&hellip;]<\/p>\n","protected":false},"author":1,"featured_media":0,"parent":0,"menu_order":0,"comment_status":"closed","ping_status":"closed","template":"karte-sichern.php","meta":{"_acf_changed":false,"slim_seo":{"title":"Jetzt K\u00e4rnten Card kaufen - K\u00e4rntencard Winter","description":"Herzlich Willkommen im K\u00e4rnten Card Onlineshop! Mit nur wenigen Klicks k\u00f6nnen Sie Ihre K\u00e4rnten Card online erwerben und sich auf unvergessliche Erlebnisse vorbe"},"footnotes":""},"class_list":["post-57","page","type-page","status-publish","hentry"],"acf":[],"distributor_meta":false,"distributor_terms":false,"distributor_media":false,"distributor_original_site_name":"K\u00e4rntencard Winter","distributor_original_site_url":"https:\/\/www.kaerntencard.at\/winter","push-errors":false,"_links":{"self":[{"href":"https:\/\/www.kaerntencard.at\/winter\/wp-json\/wp\/v2\/pages\/57","targetHints":{"allow":["GET"]}}],"collection":[{"href":"https:\/\/www.kaerntencard.at\/winter\/wp-json\/wp\/v2\/pages"}],"about":[{"href":"https:\/\/www.kaerntencard.at\/winter\/wp-json\/wp\/v2\/types\/page"}],"author":[{"embeddable":true,"href":"https:\/\/www.kaerntencard.at\/winter\/wp-json\/wp\/v2\/users\/1"}],"replies":[{"embeddable":true,"href":"https:\/\/www.kaerntencard.at\/winter\/wp-json\/wp\/v2\/comments?post=57"}],"version-history":[{"count":6,"href":"https:\/\/www.kaerntencard.at\/winter\/wp-json\/wp\/v2\/pages\/57\/revisions"}],"predecessor-version":[{"id":2124,"href":"https:\/\/www.kaerntencard.at\/winter\/wp-json\/wp\/v2\/pages\/57\/revisions\/2124"}],"wp:attachment":[{"href":"https:\/\/www.kaerntencard.at\/winter\/wp-json\/wp\/v2\/media?parent=57"}],"curies":[{"name":"wp","href":"https:\/\/api.w.org\/{rel}","templated":true}]}}