{"id":583,"date":"2023-10-02T11:07:03","date_gmt":"2023-10-02T09:07:03","guid":{"rendered":"https:\/\/kcard.smd-test.at\/sommer\/?page_id=583"},"modified":"2026-05-12T08:39:01","modified_gmt":"2026-05-12T06:39:01","slug":"regionen","status":"publish","type":"page","link":"https:\/\/www.kaerntencard.at\/sommer\/regionen\/","title":{"rendered":"K\u00e4rnten und seine Regionen"},"content":{"rendered":"\n<h2 class=\"wp-block-heading\">K\u00c4RNTEN &#8211; IT\u00b4S MY LIFE<\/h2>\n\n\n\n<p>Mutter Natur tat ihr Bestes f\u00fcr K\u00e4rnten, \u00d6sterreichs sonnigen S\u00fcden.<\/p>\n\n\n\n<p>In K\u00e4rnten erwarten Sie viele saubere warme Seen mitten in den Alpen sowie Berge von kleinen H\u00fcgeln bis zu\u00a0Bergen\u00a0\u00fcber 3.000 Meter, einfach ideal zum Wandern auf der S\u00fcdseite der Alpen. Auf dem Gipfel \u00fcberblicken Sie ein Land, das gepr\u00e4gt ist von der kulturellen Vielfalt der Alpen-Adria-Region, dem milden und sonnigen Klima und von Gastgebern, die ihre G\u00e4ste mit Gl\u00fcck, Offenheit und Lebensfreude empfangen.<\/p>\n\n\n\n<p>K\u00e4rnten ist \u00d6sterreichs Land der\u00a0Seen: Es gibt mehr als 200 Seen zum Baden, 8.000 Flusskilometer, 60 Mineralquellen und 43 Gletscher.<\/p>\n\n\n\n<p>Dar\u00fcber hinaus ist K\u00e4rnten ein idealer Ort, um die Freude der Kindheit zur\u00fcckzubringen, alte und sch\u00f6ne Erinnerungen zu erneuern oder neue sch\u00f6ne Erlebnisse zu machen.<\/p>\n\n\n\n<p>Wussten Sie, das K\u00e4rnten das\u00a0Campingland\u00a0Nr. 1 in \u00d6sterreich ist. Ja, das stimmt. Die zahlreichen Campingpl\u00e4tze an den Seen oder in den Bergen machen Ihren Sommerurlaub zum Erlebnis.<\/p>\n\n\n\n<p>Information:<br>K\u00e4rnten Werbung<br>Tel .: +43 463 3000; Fax: +43 463 3000-50<br><a href=\"mailto:info@kaernten.at\">info@kaernten.at<\/a>;&nbsp;<a href=\"http:\/\/www.kaernten.at\/\">www.kaernten.at<\/a><\/p>\n","protected":false},"excerpt":{"rendered":"<p>K\u00c4RNTEN &#8211; IT\u00b4S MY LIFE Mutter Natur tat ihr Bestes f\u00fcr K\u00e4rnten, \u00d6sterreichs sonnigen S\u00fcden. In K\u00e4rnten erwarten Sie viele saubere warme Seen mitten in den Alpen sowie Berge von kleinen H\u00fcgeln bis zu\u00a0Bergen\u00a0\u00fcber 3.000 Meter, einfach ideal zum Wandern auf der S\u00fcdseite der Alpen. Auf dem Gipfel \u00fcberblicken Sie ein Land, das gepr\u00e4gt ist [&hellip;]<\/p>\n","protected":false},"author":1,"featured_media":0,"parent":0,"menu_order":0,"comment_status":"closed","ping_status":"closed","template":"archiv-kc-region.php","meta":{"_acf_changed":false,"slim_seo":{"title":"K\u00e4rnten und seine Regionen","description":"K\u00e4rnten begeistert mit warmen Seen, Bergen, Sonne und Camping direkt in der Natur \u2013 ideal f\u00fcr Familien, Wanderer und unvergessliche Urlaubstage in \u00d6sterreich!!","facebook_image":"https:\/\/www.kaerntencard.at\/sommer\/wp-content\/uploads\/sites\/4\/2023\/09\/140-19-FRANZGERDL-NPHT-Moelltal.jpg"},"footnotes":""},"class_list":["post-583","page","type-page","status-publish","hentry"],"acf":[],"distributor_meta":false,"distributor_terms":false,"distributor_media":false,"distributor_original_site_name":"K\u00e4rntencard Sommer","distributor_original_site_url":"https:\/\/www.kaerntencard.at\/sommer","push-errors":false,"_links":{"self":[{"href":"https:\/\/www.kaerntencard.at\/sommer\/wp-json\/wp\/v2\/pages\/583","targetHints":{"allow":["GET"]}}],"collection":[{"href":"https:\/\/www.kaerntencard.at\/sommer\/wp-json\/wp\/v2\/pages"}],"about":[{"href":"https:\/\/www.kaerntencard.at\/sommer\/wp-json\/wp\/v2\/types\/page"}],"author":[{"embeddable":true,"href":"https:\/\/www.kaerntencard.at\/sommer\/wp-json\/wp\/v2\/users\/1"}],"replies":[{"embeddable":true,"href":"https:\/\/www.kaerntencard.at\/sommer\/wp-json\/wp\/v2\/comments?post=583"}],"version-history":[{"count":3,"href":"https:\/\/www.kaerntencard.at\/sommer\/wp-json\/wp\/v2\/pages\/583\/revisions"}],"predecessor-version":[{"id":9160,"href":"https:\/\/www.kaerntencard.at\/sommer\/wp-json\/wp\/v2\/pages\/583\/revisions\/9160"}],"wp:attachment":[{"href":"https:\/\/www.kaerntencard.at\/sommer\/wp-json\/wp\/v2\/media?parent=583"}],"curies":[{"name":"wp","href":"https:\/\/api.w.org\/{rel}","templated":true}]}}