{"id":449,"date":"2023-09-25T15:39:12","date_gmt":"2023-09-25T13:39:12","guid":{"rendered":"http:\/\/localhost\/_KLZ\/08-ktn-card\/kaerntencard\/wordpress\/sommer\/?page_id=449"},"modified":"2026-05-12T08:32:05","modified_gmt":"2026-05-12T06:32:05","slug":"saisonkarten","status":"publish","type":"page","link":"https:\/\/www.kaerntencard.at\/sommer\/saisonkarten\/","title":{"rendered":"Preis\u00fcbersicht Saisonkarten"},"content":{"rendered":"","protected":false},"excerpt":{"rendered":"","protected":false},"author":1,"featured_media":0,"parent":0,"menu_order":0,"comment_status":"closed","ping_status":"closed","template":"saisonkarten.php","meta":{"_acf_changed":false,"slim_seo":{"title":"K\u00e4rnten Card Saisonkarte - Preise","description":"Die K\u00e4rnten Card ist sofort erh\u00e4ltlich, online aufladbar und auch als Mobile Card verf\u00fcgbar \u2013 f\u00fcr 130 Ausflugsziele in K\u00e4rnten. Ganz bequem und flexibel!!"},"footnotes":""},"class_list":["post-449","page","type-page","status-publish","hentry"],"acf":[],"distributor_meta":false,"distributor_terms":false,"distributor_media":false,"distributor_original_site_name":"K\u00e4rntencard Sommer","distributor_original_site_url":"https:\/\/www.kaerntencard.at\/sommer","push-errors":false,"_links":{"self":[{"href":"https:\/\/www.kaerntencard.at\/sommer\/wp-json\/wp\/v2\/pages\/449","targetHints":{"allow":["GET"]}}],"collection":[{"href":"https:\/\/www.kaerntencard.at\/sommer\/wp-json\/wp\/v2\/pages"}],"about":[{"href":"https:\/\/www.kaerntencard.at\/sommer\/wp-json\/wp\/v2\/types\/page"}],"author":[{"embeddable":true,"href":"https:\/\/www.kaerntencard.at\/sommer\/wp-json\/wp\/v2\/users\/1"}],"replies":[{"embeddable":true,"href":"https:\/\/www.kaerntencard.at\/sommer\/wp-json\/wp\/v2\/comments?post=449"}],"version-history":[{"count":9,"href":"https:\/\/www.kaerntencard.at\/sommer\/wp-json\/wp\/v2\/pages\/449\/revisions"}],"predecessor-version":[{"id":12715,"href":"https:\/\/www.kaerntencard.at\/sommer\/wp-json\/wp\/v2\/pages\/449\/revisions\/12715"}],"wp:attachment":[{"href":"https:\/\/www.kaerntencard.at\/sommer\/wp-json\/wp\/v2\/media?parent=449"}],"curies":[{"name":"wp","href":"https:\/\/api.w.org\/{rel}","templated":true}]}}