{"id":400,"date":"2023-09-25T11:32:15","date_gmt":"2023-09-25T09:32:15","guid":{"rendered":"http:\/\/localhost\/_KLZ\/08-ktn-card\/kaerntencard\/wordpress\/sommer\/?page_id=400"},"modified":"2026-05-12T08:50:38","modified_gmt":"2026-05-12T06:50:38","slug":"urlaub-in-kaernten","status":"publish","type":"page","link":"https:\/\/www.kaerntencard.at\/sommer\/urlaub-in-kaernten\/","title":{"rendered":"Urlaub in K\u00e4rnten"},"content":{"rendered":"\n<h2 class=\"wp-block-heading\">Jetzt Urlaub buchen und gratis Ausflugsziele besuchen!<\/h2>\n\n\n\n<p>Bei zahlreichen K\u00e4rntner Hotels, Pensionen, Ferienwohnungen, &#8230; bekommen Sie f\u00fcr die Dauer Ihres Urlaubes die K\u00e4rnten Card kostenlos dazu. Damit k\u00f6nnen Sie mehr als 120 Ausflugsziele gratis besuchen. Genie\u00dfen Sie <a href=\"https:\/\/www.kaerntencard.at\/sommer\/ausflugsziele\/\">Sehensw\u00fcrdigkeiten<\/a> und <a href=\"https:\/\/www.kaerntencard.at\/sommer\/ausflugsziele\/\">Ausflugsziele<\/a> wie <a href=\"https:\/\/www.kaerntencard.at\/sommer\/betriebe\/bergbahnen\/\">Bergbahnen<\/a>, <a href=\"https:\/\/www.kaerntencard.at\/sommer\/kategorie\/schifffahrt\/\">Schifffahrt<\/a>, <a href=\"https:\/\/www.kaerntencard.at\/sommer\/betriebe\/zoo-und-tiererlebnisse\/\">Tierparks<\/a>, <a href=\"https:\/\/www.kaerntencard.at\/sommer\/betriebe\/museen\/\">Museen,<\/a> uvm. und sparen bares Geld.<\/p>\n\n\n\n<p><\/p>\n\n\n\n<p>Also, schnell buchen&#8230;<\/p>\n\n\n\n<p><strong>Filtern Sie jetzt nach Zeitraum und Region um den passenden Gastgeber zu finden:<\/strong><\/p>\n","protected":false},"excerpt":{"rendered":"<p>Jetzt Urlaub buchen und gratis Ausflugsziele besuchen! Bei zahlreichen K\u00e4rntner Hotels, Pensionen, Ferienwohnungen, &#8230; bekommen Sie f\u00fcr die Dauer Ihres Urlaubes die K\u00e4rnten Card kostenlos dazu. Damit k\u00f6nnen Sie mehr als 120 Ausflugsziele gratis besuchen. Genie\u00dfen Sie Sehensw\u00fcrdigkeiten und Ausflugsziele wie Bergbahnen, Schifffahrt, Tierparks, Museen, uvm. und sparen bares Geld. Also, schnell buchen&#8230; Filtern Sie [&hellip;]<\/p>\n","protected":false},"author":1,"featured_media":0,"parent":0,"menu_order":0,"comment_status":"closed","ping_status":"closed","template":"inklusivurlaub.php","meta":{"_acf_changed":false,"slim_seo":{"title":"Urlaub in K\u00e4rnten - K\u00e4rnten Card Inklusive","description":"In zahlreichen Beherbergungsbetrieben in K\u00e4rnten bekommt man die K\u00e4rnten Card f\u00fcr die Dauer des Aufenthaltes kostenlos dazu.","facebook_image":"https:\/\/www.kaerntencard.at\/sommer\/wp-content\/uploads\/sites\/4\/2023\/10\/Aktiv-Park_Familie_Bad-Kleinkirchheim_Sommer-\u00a9-Franz-Gerdl_MBN-Tourismus32.jpg"},"footnotes":""},"class_list":["post-400","page","type-page","status-publish","hentry"],"acf":[],"distributor_meta":false,"distributor_terms":false,"distributor_media":false,"distributor_original_site_name":"K\u00e4rntencard Sommer","distributor_original_site_url":"https:\/\/www.kaerntencard.at\/sommer","push-errors":false,"_links":{"self":[{"href":"https:\/\/www.kaerntencard.at\/sommer\/wp-json\/wp\/v2\/pages\/400","targetHints":{"allow":["GET"]}}],"collection":[{"href":"https:\/\/www.kaerntencard.at\/sommer\/wp-json\/wp\/v2\/pages"}],"about":[{"href":"https:\/\/www.kaerntencard.at\/sommer\/wp-json\/wp\/v2\/types\/page"}],"author":[{"embeddable":true,"href":"https:\/\/www.kaerntencard.at\/sommer\/wp-json\/wp\/v2\/users\/1"}],"replies":[{"embeddable":true,"href":"https:\/\/www.kaerntencard.at\/sommer\/wp-json\/wp\/v2\/comments?post=400"}],"version-history":[{"count":5,"href":"https:\/\/www.kaerntencard.at\/sommer\/wp-json\/wp\/v2\/pages\/400\/revisions"}],"predecessor-version":[{"id":12868,"href":"https:\/\/www.kaerntencard.at\/sommer\/wp-json\/wp\/v2\/pages\/400\/revisions\/12868"}],"wp:attachment":[{"href":"https:\/\/www.kaerntencard.at\/sommer\/wp-json\/wp\/v2\/media?parent=400"}],"curies":[{"name":"wp","href":"https:\/\/api.w.org\/{rel}","templated":true}]}}