{"id":397,"date":"2023-09-25T09:22:52","date_gmt":"2023-09-25T07:22:52","guid":{"rendered":"http:\/\/localhost\/_KLZ\/08-ktn-card\/kaerntencard\/wordpress\/sommer\/?page_id=397"},"modified":"2024-04-08T10:11:55","modified_gmt":"2024-04-08T08:11:55","slug":"ausflugsziele-uebersicht","status":"publish","type":"page","link":"https:\/\/www.kaerntencard.at\/sommer\/ausflugsziele-uebersicht\/","title":{"rendered":"Ausflugsziele \u00dcbersicht"},"content":{"rendered":"","protected":false},"excerpt":{"rendered":"","protected":false},"author":1,"featured_media":0,"parent":0,"menu_order":0,"comment_status":"closed","ping_status":"closed","template":"archive-kc_betrieb.php","meta":{"_acf_changed":false,"slim_seo":{"title":"Die sch\u00f6nsten Ausflugsziele K\u00e4rntens","description":"Mit der K\u00e4rnten Card hat man den Schl\u00fcssel f\u00fcr \u00fcber 100 der sch\u00f6nsten Ausflugsziele K\u00e4rntens in der Hand. Von Bergbahnen bis hin zu den Panoramastra\u00dfen. Da ist f\u00fcr jeden was dabei."},"footnotes":""},"class_list":["post-397","page","type-page","status-publish","hentry"],"acf":[],"distributor_meta":false,"distributor_terms":false,"distributor_media":false,"distributor_original_site_name":"K\u00e4rntencard Sommer","distributor_original_site_url":"https:\/\/www.kaerntencard.at\/sommer","push-errors":false,"_links":{"self":[{"href":"https:\/\/www.kaerntencard.at\/sommer\/wp-json\/wp\/v2\/pages\/397","targetHints":{"allow":["GET"]}}],"collection":[{"href":"https:\/\/www.kaerntencard.at\/sommer\/wp-json\/wp\/v2\/pages"}],"about":[{"href":"https:\/\/www.kaerntencard.at\/sommer\/wp-json\/wp\/v2\/types\/page"}],"author":[{"embeddable":true,"href":"https:\/\/www.kaerntencard.at\/sommer\/wp-json\/wp\/v2\/users\/1"}],"replies":[{"embeddable":true,"href":"https:\/\/www.kaerntencard.at\/sommer\/wp-json\/wp\/v2\/comments?post=397"}],"version-history":[{"count":1,"href":"https:\/\/www.kaerntencard.at\/sommer\/wp-json\/wp\/v2\/pages\/397\/revisions"}],"predecessor-version":[{"id":398,"href":"https:\/\/www.kaerntencard.at\/sommer\/wp-json\/wp\/v2\/pages\/397\/revisions\/398"}],"wp:attachment":[{"href":"https:\/\/www.kaerntencard.at\/sommer\/wp-json\/wp\/v2\/media?parent=397"}],"curies":[{"name":"wp","href":"https:\/\/api.w.org\/{rel}","templated":true}]}}