{"id":8577,"date":"2023-09-26T11:06:01","date_gmt":"2023-09-26T09:06:01","guid":{"rendered":"https:\/\/kcard.smd-test.at\/sommer\/bonusclub\/"},"modified":"2023-11-24T10:28:05","modified_gmt":"2023-11-24T09:28:05","slug":"bonusclub","status":"publish","type":"page","link":"https:\/\/www.kaerntencard.at\/sommer\/en\/bonusclub\/","title":{"rendered":"Bonusclub"},"content":{"rendered":"\n<h3 class=\"wp-block-heading\">THE K\u00c4RNTEN CARD DELIVERS THE BONUS!<\/h3>\n\n\n\n<p>With the K\u00e4rnten Card, you can not only visit over 100 excursion destinations as often as you like, but also receive great discounts or benefits in kind from over 60 bonus partners!<\/p>\n\n\n\n<p>Many great excursion destinations, numerous restaurants, leisure and sports providers as well as cultural events throughout Carinthia are participating and look forward to your visit. Simply show your K\u00e4rnten Card and you can enjoy the bonus benefits!<\/p>\n","protected":false},"excerpt":{"rendered":"<p>THE K\u00c4RNTEN CARD DELIVERS THE BONUS! With the K\u00e4rnten Card, you can not only visit over 100 excursion destinations as often as you like, but also receive great discounts or benefits in kind from over 60 bonus partners! Many great excursion destinations, numerous restaurants, leisure and sports providers as well as cultural events throughout Carinthia [&hellip;]<\/p>\n","protected":false},"author":1,"featured_media":0,"parent":0,"menu_order":0,"comment_status":"closed","ping_status":"closed","template":"bonusclub.php","meta":{"_acf_changed":false,"slim_seo":{"title":"Bonusclub - K\u00e4rntencard Sommer","description":"THE K\u00c4RNTEN CARD DELIVERS THE BONUS! With the K\u00e4rnten Card, you can not only visit over 100 excursion destinations as often as you like, but also receive great"},"footnotes":""},"class_list":["post-8577","page","type-page","status-publish","hentry"],"acf":[],"distributor_meta":false,"distributor_terms":false,"distributor_media":false,"distributor_original_site_name":"K\u00e4rntencard Sommer","distributor_original_site_url":"https:\/\/www.kaerntencard.at\/sommer\/en\/","push-errors":false,"_links":{"self":[{"href":"https:\/\/www.kaerntencard.at\/sommer\/en\/wp-json\/wp\/v2\/pages\/8577","targetHints":{"allow":["GET"]}}],"collection":[{"href":"https:\/\/www.kaerntencard.at\/sommer\/en\/wp-json\/wp\/v2\/pages"}],"about":[{"href":"https:\/\/www.kaerntencard.at\/sommer\/en\/wp-json\/wp\/v2\/types\/page"}],"author":[{"embeddable":true,"href":"https:\/\/www.kaerntencard.at\/sommer\/en\/wp-json\/wp\/v2\/users\/1"}],"replies":[{"embeddable":true,"href":"https:\/\/www.kaerntencard.at\/sommer\/en\/wp-json\/wp\/v2\/comments?post=8577"}],"version-history":[{"count":2,"href":"https:\/\/www.kaerntencard.at\/sommer\/en\/wp-json\/wp\/v2\/pages\/8577\/revisions"}],"predecessor-version":[{"id":8579,"href":"https:\/\/www.kaerntencard.at\/sommer\/en\/wp-json\/wp\/v2\/pages\/8577\/revisions\/8579"}],"wp:attachment":[{"href":"https:\/\/www.kaerntencard.at\/sommer\/en\/wp-json\/wp\/v2\/media?parent=8577"}],"curies":[{"name":"wp","href":"https:\/\/api.w.org\/{rel}","templated":true}]}}